{"id":3934,"date":"2018-01-18T10:19:48","date_gmt":"2018-01-18T10:19:48","guid":{"rendered":"http:\/\/gigericeira.com\/?page_id=3934\/"},"modified":"2018-03-16T21:50:03","modified_gmt":"2018-03-16T21:50:03","slug":"sobre-nos","status":"publish","type":"page","link":"https:\/\/sleep.gigericeira.com\/pt-pt\/sobre-nos\/","title":{"rendered":"Sobre N\u00f3s"},"content":{"rendered":"<div id=\"pl-3934\"  class=\"panel-layout\" ><div id=\"pg-3934-0\"  class=\"panel-grid panel-has-style\" ><div class=\"darken-background so-parallax siteorigin-panels-stretch panel-row-style panel-row-style-for-3934-0\" data-stretch-type=\"full-stretched\" ><img fetchpriority=\"high\" decoding=\"async\" width=\"1400\" height=\"933\" src=\"https:\/\/sleep.gigericeira.com\/wp-content\/uploads\/2018\/02\/IMG_0977.jpg\" class=\"attachment-full size-full\" alt=\"\" data-siteorigin-parallax=\"true\" loading=\"eager\" srcset=\"https:\/\/sleep.gigericeira.com\/wp-content\/uploads\/2018\/02\/IMG_0977.jpg 1400w, https:\/\/sleep.gigericeira.com\/wp-content\/uploads\/2018\/02\/IMG_0977-300x200.jpg 300w, https:\/\/sleep.gigericeira.com\/wp-content\/uploads\/2018\/02\/IMG_0977-768x512.jpg 768w, https:\/\/sleep.gigericeira.com\/wp-content\/uploads\/2018\/02\/IMG_0977-1024x682.jpg 1024w, https:\/\/sleep.gigericeira.com\/wp-content\/uploads\/2018\/02\/IMG_0977-272x182.jpg 272w, https:\/\/sleep.gigericeira.com\/wp-content\/uploads\/2018\/02\/IMG_0977-600x400.jpg 600w\" sizes=\"(max-width: 1400px) 100vw, 1400px\" \/><div id=\"pgc-3934-0-0\"  class=\"panel-grid-cell\" ><div id=\"panel-3934-0-0-0\" class=\"so-panel widget widget_themegrill_flash_image tg-widget tg-image-widget panel-first-child panel-last-child\" data-index=\"0\" ><div class=\"panel-widget-style panel-widget-style-for-3934-0-0-0\" >\t<img decoding=\"async\" src=\"https:\/\/gigericeira.com\/wp-content\/uploads\/2018\/01\/White_logo_header_75.png\" \/>\n<\/div><\/div><\/div><\/div><\/div><div id=\"pg-3934-1\"  class=\"panel-grid panel-has-style\" ><div class=\"about-us panel-row-style panel-row-style-for-3934-1\" ><div id=\"pgc-3934-1-0\"  class=\"panel-grid-cell\" ><div id=\"panel-3934-1-0-0\" class=\"so-panel widget widget_text panel-first-child panel-last-child\" data-index=\"1\" ><div class=\"panel-widget-style panel-widget-style-for-3934-1-0-0\" ><h3 class=\"widget-title\">GiG Hostel &#8211; Green is Good<\/h3>\t\t\t<div class=\"textwidget\"><p>Green is Good, o nome que est\u00e1 na base deste projecto. Quando pensado leva-nos para al\u00e9m da cor, leva-nos para um estilo de vida saud\u00e1vel, onde n\u00e3o s\u00f3 a alimenta\u00e7\u00e3o \u00e9 um factor chave como tamb\u00e9m o descanso do corpo e da mente.<\/p>\n<p>No nosso espa\u00e7o queremos que os h\u00f3spedes tenham a experi\u00eancia e conv\u00edvio de um hostel mas o conforto e a intimidade de um quarto privado. Project\u00e1mos os nossos quartos tendo sempre em mente o bem-estar, o conforto e a privacidade, atrav\u00e9s de camas com estores individuais, luz pessoal, tomadas el\u00e9ctricas e USB.<\/p>\n<p>O GiG Hostel alia um design minimalista e contempor\u00e2neo ao tradicional desta vila piscat\u00f3ria, com inspira\u00e7\u00e3o japonesa, para proporcionar uma experi\u00eancia \u00fanica.<\/p>\n<p>Neste espa\u00e7o, desfrute de uma semana de f\u00e9rias em regime de alojamento com pequeno almo\u00e7o e venha conhecer tudo aquilo que a vila da Ericeira tem para oferecer.<\/p>\n<\/div>\n\t\t<\/div><\/div><\/div><\/div><\/div><div id=\"pg-3934-2\"  class=\"panel-grid panel-has-style\" ><div class=\"panel-row-style panel-row-style-for-3934-2\" ><div id=\"pgc-3934-2-0\"  class=\"panel-grid-cell\" ><div id=\"panel-3934-2-0-0\" class=\"so-panel widget widget_sow-slider panel-first-child panel-last-child\" data-index=\"2\" ><div\n\t\t\t\n\t\t\tclass=\"so-widget-sow-slider so-widget-sow-slider-default-6d39609536fd-3934\"\n\t\t\t\n\t\t>\t\t\t\t<div class=\"sow-slider-base\" style=\"display: none\" tabindex=\"0\">\n\t\t\t\t\t<ul\n\t\t\t\t\tclass=\"sow-slider-images\"\n\t\t\t\t\tdata-settings=\"{&quot;pagination&quot;:true,&quot;speed&quot;:800,&quot;timeout&quot;:4000,&quot;paused&quot;:false,&quot;pause_on_hover&quot;:false,&quot;swipe&quot;:true,&quot;nav_always_show_desktop&quot;:&quot;&quot;,&quot;nav_always_show_mobile&quot;:&quot;&quot;,&quot;breakpoint&quot;:&quot;780px&quot;,&quot;unmute&quot;:false,&quot;anchor&quot;:null}\"\n\t\t\t\t\t\t\t\t\t\tdata-anchor-id=\"\"\n\t\t\t\t>\t\t<li class=\"sow-slider-image\" style=\"visibility: visible;;background-color: #000000\" >\n\t\t\t\t\t\t<div class=\"sow-slider-image-container\">\n\t\t\t\t<div class=\"sow-slider-image-wrapper\" style=\"max-width: 1400px\">\n\t\t\t\t\t\t\t\t\t\t<div class=\"sow-slider-image-foreground-wrapper\">\n\t\t\t\t\t\t<img loading=\"lazy\" decoding=\"async\" width=\"1400\" height=\"933\" src=\"https:\/\/sleep.gigericeira.com\/wp-content\/uploads\/2018\/02\/IMG_0965.jpg\" class=\"sow-slider-foreground-image\" alt=\"\" style=\"\" srcset=\"https:\/\/sleep.gigericeira.com\/wp-content\/uploads\/2018\/02\/IMG_0965.jpg 1400w, https:\/\/sleep.gigericeira.com\/wp-content\/uploads\/2018\/02\/IMG_0965-300x200.jpg 300w, https:\/\/sleep.gigericeira.com\/wp-content\/uploads\/2018\/02\/IMG_0965-768x512.jpg 768w, https:\/\/sleep.gigericeira.com\/wp-content\/uploads\/2018\/02\/IMG_0965-1024x682.jpg 1024w, https:\/\/sleep.gigericeira.com\/wp-content\/uploads\/2018\/02\/IMG_0965-272x182.jpg 272w, https:\/\/sleep.gigericeira.com\/wp-content\/uploads\/2018\/02\/IMG_0965-600x400.jpg 600w\" sizes=\"auto, (max-width: 1400px) 100vw, 1400px\" \/>\t\t\t\t\t<\/div>\n\t\t\t\t\t\t\t\t\t<\/div>\n\t\t\t<\/div>\n\t\t\t\t\t<\/li>\n\t\t\t\t<li class=\"sow-slider-image\" style=\"visibility: hidden;;background-color: #000000\" >\n\t\t\t\t\t\t<div class=\"sow-slider-image-container\">\n\t\t\t\t<div class=\"sow-slider-image-wrapper\" style=\"max-width: 1400px\">\n\t\t\t\t\t\t\t\t\t\t<div class=\"sow-slider-image-foreground-wrapper\">\n\t\t\t\t\t\t<img loading=\"lazy\" decoding=\"async\" width=\"1400\" height=\"933\" src=\"https:\/\/sleep.gigericeira.com\/wp-content\/uploads\/2018\/02\/IMG_0970.jpg\" class=\"sow-slider-foreground-image\" alt=\"\" style=\"\" srcset=\"https:\/\/sleep.gigericeira.com\/wp-content\/uploads\/2018\/02\/IMG_0970.jpg 1400w, https:\/\/sleep.gigericeira.com\/wp-content\/uploads\/2018\/02\/IMG_0970-300x200.jpg 300w, https:\/\/sleep.gigericeira.com\/wp-content\/uploads\/2018\/02\/IMG_0970-768x512.jpg 768w, https:\/\/sleep.gigericeira.com\/wp-content\/uploads\/2018\/02\/IMG_0970-1024x682.jpg 1024w, https:\/\/sleep.gigericeira.com\/wp-content\/uploads\/2018\/02\/IMG_0970-272x182.jpg 272w, https:\/\/sleep.gigericeira.com\/wp-content\/uploads\/2018\/02\/IMG_0970-600x400.jpg 600w\" sizes=\"auto, (max-width: 1400px) 100vw, 1400px\" \/>\t\t\t\t\t<\/div>\n\t\t\t\t\t\t\t\t\t<\/div>\n\t\t\t<\/div>\n\t\t\t\t\t<\/li>\n\t\t\t\t<li class=\"sow-slider-image\" style=\"visibility: hidden;;background-color: #000000\" >\n\t\t\t\t\t\t<div class=\"sow-slider-image-container\">\n\t\t\t\t<div class=\"sow-slider-image-wrapper\" style=\"max-width: 1400px\">\n\t\t\t\t\t\t\t\t\t\t<div class=\"sow-slider-image-foreground-wrapper\">\n\t\t\t\t\t\t<img loading=\"lazy\" decoding=\"async\" width=\"1400\" height=\"933\" src=\"https:\/\/sleep.gigericeira.com\/wp-content\/uploads\/2018\/02\/IMG_0979.jpg\" class=\"sow-slider-foreground-image\" alt=\"\" style=\"\" srcset=\"https:\/\/sleep.gigericeira.com\/wp-content\/uploads\/2018\/02\/IMG_0979.jpg 1400w, https:\/\/sleep.gigericeira.com\/wp-content\/uploads\/2018\/02\/IMG_0979-300x200.jpg 300w, https:\/\/sleep.gigericeira.com\/wp-content\/uploads\/2018\/02\/IMG_0979-768x512.jpg 768w, https:\/\/sleep.gigericeira.com\/wp-content\/uploads\/2018\/02\/IMG_0979-1024x682.jpg 1024w, https:\/\/sleep.gigericeira.com\/wp-content\/uploads\/2018\/02\/IMG_0979-272x182.jpg 272w, https:\/\/sleep.gigericeira.com\/wp-content\/uploads\/2018\/02\/IMG_0979-600x400.jpg 600w\" sizes=\"auto, (max-width: 1400px) 100vw, 1400px\" \/>\t\t\t\t\t<\/div>\n\t\t\t\t\t\t\t\t\t<\/div>\n\t\t\t<\/div>\n\t\t\t\t\t<\/li>\n\t\t\t\t<li class=\"sow-slider-image\" style=\"visibility: hidden;;background-color: #000000\" >\n\t\t\t\t\t\t<div class=\"sow-slider-image-container\">\n\t\t\t\t<div class=\"sow-slider-image-wrapper\" style=\"max-width: 1400px\">\n\t\t\t\t\t\t\t\t\t\t<div class=\"sow-slider-image-foreground-wrapper\">\n\t\t\t\t\t\t<img loading=\"lazy\" decoding=\"async\" width=\"1400\" height=\"933\" src=\"https:\/\/sleep.gigericeira.com\/wp-content\/uploads\/2018\/02\/IMG_0977.jpg\" class=\"sow-slider-foreground-image\" alt=\"\" style=\"\" srcset=\"https:\/\/sleep.gigericeira.com\/wp-content\/uploads\/2018\/02\/IMG_0977.jpg 1400w, https:\/\/sleep.gigericeira.com\/wp-content\/uploads\/2018\/02\/IMG_0977-300x200.jpg 300w, https:\/\/sleep.gigericeira.com\/wp-content\/uploads\/2018\/02\/IMG_0977-768x512.jpg 768w, https:\/\/sleep.gigericeira.com\/wp-content\/uploads\/2018\/02\/IMG_0977-1024x682.jpg 1024w, https:\/\/sleep.gigericeira.com\/wp-content\/uploads\/2018\/02\/IMG_0977-272x182.jpg 272w, https:\/\/sleep.gigericeira.com\/wp-content\/uploads\/2018\/02\/IMG_0977-600x400.jpg 600w\" sizes=\"auto, (max-width: 1400px) 100vw, 1400px\" \/>\t\t\t\t\t<\/div>\n\t\t\t\t\t\t\t\t\t<\/div>\n\t\t\t<\/div>\n\t\t\t\t\t<\/li>\n\t\t\t\t<li class=\"sow-slider-image\" style=\"visibility: hidden;;background-color: #000000\" >\n\t\t\t\t\t\t<div class=\"sow-slider-image-container\">\n\t\t\t\t<div class=\"sow-slider-image-wrapper\" style=\"max-width: 1400px\">\n\t\t\t\t\t\t\t\t\t\t<div class=\"sow-slider-image-foreground-wrapper\">\n\t\t\t\t\t\t<img loading=\"lazy\" decoding=\"async\" width=\"1400\" height=\"933\" src=\"https:\/\/sleep.gigericeira.com\/wp-content\/uploads\/2018\/02\/camas_quarto1.jpg\" class=\"sow-slider-foreground-image\" alt=\"\" style=\"\" srcset=\"https:\/\/sleep.gigericeira.com\/wp-content\/uploads\/2018\/02\/camas_quarto1.jpg 1400w, https:\/\/sleep.gigericeira.com\/wp-content\/uploads\/2018\/02\/camas_quarto1-300x200.jpg 300w, https:\/\/sleep.gigericeira.com\/wp-content\/uploads\/2018\/02\/camas_quarto1-768x512.jpg 768w, https:\/\/sleep.gigericeira.com\/wp-content\/uploads\/2018\/02\/camas_quarto1-1024x682.jpg 1024w, https:\/\/sleep.gigericeira.com\/wp-content\/uploads\/2018\/02\/camas_quarto1-272x182.jpg 272w, https:\/\/sleep.gigericeira.com\/wp-content\/uploads\/2018\/02\/camas_quarto1-600x400.jpg 600w\" sizes=\"auto, (max-width: 1400px) 100vw, 1400px\" \/>\t\t\t\t\t<\/div>\n\t\t\t\t\t\t\t\t\t<\/div>\n\t\t\t<\/div>\n\t\t\t\t\t<\/li>\n\t\t\t\t<li class=\"sow-slider-image\" style=\"visibility: hidden;;background-color: #000000\" >\n\t\t\t\t\t\t<div class=\"sow-slider-image-container\">\n\t\t\t\t<div class=\"sow-slider-image-wrapper\" style=\"max-width: 1400px\">\n\t\t\t\t\t\t\t\t\t\t<div class=\"sow-slider-image-foreground-wrapper\">\n\t\t\t\t\t\t<img loading=\"lazy\" decoding=\"async\" width=\"1400\" height=\"934\" src=\"https:\/\/sleep.gigericeira.com\/wp-content\/uploads\/2018\/03\/camas_casal_quartopeq.jpg\" class=\"sow-slider-foreground-image\" alt=\"\" style=\"\" srcset=\"https:\/\/sleep.gigericeira.com\/wp-content\/uploads\/2018\/03\/camas_casal_quartopeq.jpg 1400w, https:\/\/sleep.gigericeira.com\/wp-content\/uploads\/2018\/03\/camas_casal_quartopeq-300x200.jpg 300w, https:\/\/sleep.gigericeira.com\/wp-content\/uploads\/2018\/03\/camas_casal_quartopeq-768x512.jpg 768w, https:\/\/sleep.gigericeira.com\/wp-content\/uploads\/2018\/03\/camas_casal_quartopeq-1024x683.jpg 1024w, https:\/\/sleep.gigericeira.com\/wp-content\/uploads\/2018\/03\/camas_casal_quartopeq-272x182.jpg 272w\" sizes=\"auto, (max-width: 1400px) 100vw, 1400px\" \/>\t\t\t\t\t<\/div>\n\t\t\t\t\t\t\t\t\t<\/div>\n\t\t\t<\/div>\n\t\t\t\t\t<\/li>\n\t\t\t\t<li class=\"sow-slider-image\" style=\"visibility: hidden;;background-color: #000000\" >\n\t\t\t\t\t\t<div class=\"sow-slider-image-container\">\n\t\t\t\t<div class=\"sow-slider-image-wrapper\" style=\"max-width: 1400px\">\n\t\t\t\t\t\t\t\t\t\t<div class=\"sow-slider-image-foreground-wrapper\">\n\t\t\t\t\t\t<img loading=\"lazy\" decoding=\"async\" width=\"1400\" height=\"933\" src=\"https:\/\/sleep.gigericeira.com\/wp-content\/uploads\/2018\/02\/IMG_1067.jpg\" class=\"sow-slider-foreground-image\" alt=\"\" style=\"\" srcset=\"https:\/\/sleep.gigericeira.com\/wp-content\/uploads\/2018\/02\/IMG_1067.jpg 1400w, https:\/\/sleep.gigericeira.com\/wp-content\/uploads\/2018\/02\/IMG_1067-300x200.jpg 300w, https:\/\/sleep.gigericeira.com\/wp-content\/uploads\/2018\/02\/IMG_1067-768x512.jpg 768w, https:\/\/sleep.gigericeira.com\/wp-content\/uploads\/2018\/02\/IMG_1067-1024x682.jpg 1024w, https:\/\/sleep.gigericeira.com\/wp-content\/uploads\/2018\/02\/IMG_1067-272x182.jpg 272w, https:\/\/sleep.gigericeira.com\/wp-content\/uploads\/2018\/02\/IMG_1067-600x400.jpg 600w\" sizes=\"auto, (max-width: 1400px) 100vw, 1400px\" \/>\t\t\t\t\t<\/div>\n\t\t\t\t\t\t\t\t\t<\/div>\n\t\t\t<\/div>\n\t\t\t\t\t<\/li>\n\t\t\t\t<li class=\"sow-slider-image\" style=\"visibility: hidden;;background-color: #000000\" >\n\t\t\t\t\t\t<div class=\"sow-slider-image-container\">\n\t\t\t\t<div class=\"sow-slider-image-wrapper\" style=\"max-width: 1400px\">\n\t\t\t\t\t\t\t\t\t\t<div class=\"sow-slider-image-foreground-wrapper\">\n\t\t\t\t\t\t<img loading=\"lazy\" decoding=\"async\" width=\"1400\" height=\"933\" src=\"https:\/\/sleep.gigericeira.com\/wp-content\/uploads\/2018\/02\/IMG_1071.jpg\" class=\"sow-slider-foreground-image\" alt=\"\" style=\"\" srcset=\"https:\/\/sleep.gigericeira.com\/wp-content\/uploads\/2018\/02\/IMG_1071.jpg 1400w, https:\/\/sleep.gigericeira.com\/wp-content\/uploads\/2018\/02\/IMG_1071-300x200.jpg 300w, https:\/\/sleep.gigericeira.com\/wp-content\/uploads\/2018\/02\/IMG_1071-768x512.jpg 768w, https:\/\/sleep.gigericeira.com\/wp-content\/uploads\/2018\/02\/IMG_1071-1024x682.jpg 1024w, https:\/\/sleep.gigericeira.com\/wp-content\/uploads\/2018\/02\/IMG_1071-272x182.jpg 272w, https:\/\/sleep.gigericeira.com\/wp-content\/uploads\/2018\/02\/IMG_1071-600x400.jpg 600w\" sizes=\"auto, (max-width: 1400px) 100vw, 1400px\" \/>\t\t\t\t\t<\/div>\n\t\t\t\t\t\t\t\t\t<\/div>\n\t\t\t<\/div>\n\t\t\t\t\t<\/li>\n\t\t\t\t<li class=\"sow-slider-image\" style=\"visibility: hidden;;background-color: #000000\" >\n\t\t\t\t\t\t<div class=\"sow-slider-image-container\">\n\t\t\t\t<div class=\"sow-slider-image-wrapper\" style=\"max-width: 1400px\">\n\t\t\t\t\t\t\t\t\t\t<div class=\"sow-slider-image-foreground-wrapper\">\n\t\t\t\t\t\t<img loading=\"lazy\" decoding=\"async\" width=\"1400\" height=\"933\" src=\"https:\/\/sleep.gigericeira.com\/wp-content\/uploads\/2018\/02\/IMG_1079.jpg\" class=\"sow-slider-foreground-image\" alt=\"\" style=\"\" srcset=\"https:\/\/sleep.gigericeira.com\/wp-content\/uploads\/2018\/02\/IMG_1079.jpg 1400w, https:\/\/sleep.gigericeira.com\/wp-content\/uploads\/2018\/02\/IMG_1079-300x200.jpg 300w, https:\/\/sleep.gigericeira.com\/wp-content\/uploads\/2018\/02\/IMG_1079-768x512.jpg 768w, https:\/\/sleep.gigericeira.com\/wp-content\/uploads\/2018\/02\/IMG_1079-1024x682.jpg 1024w, https:\/\/sleep.gigericeira.com\/wp-content\/uploads\/2018\/02\/IMG_1079-272x182.jpg 272w, https:\/\/sleep.gigericeira.com\/wp-content\/uploads\/2018\/02\/IMG_1079-600x400.jpg 600w\" sizes=\"auto, (max-width: 1400px) 100vw, 1400px\" \/>\t\t\t\t\t<\/div>\n\t\t\t\t\t\t\t\t\t<\/div>\n\t\t\t<\/div>\n\t\t\t\t\t<\/li>\n\t\t\t\t<li class=\"sow-slider-image\" style=\"visibility: hidden;;background-color: #000000\" >\n\t\t\t\t\t\t<div class=\"sow-slider-image-container\">\n\t\t\t\t<div class=\"sow-slider-image-wrapper\" style=\"max-width: 1400px\">\n\t\t\t\t\t\t\t\t\t\t<div class=\"sow-slider-image-foreground-wrapper\">\n\t\t\t\t\t\t<img loading=\"lazy\" decoding=\"async\" width=\"1400\" height=\"933\" src=\"https:\/\/sleep.gigericeira.com\/wp-content\/uploads\/2018\/02\/IMG_1076.jpg\" class=\"sow-slider-foreground-image\" alt=\"\" style=\"\" srcset=\"https:\/\/sleep.gigericeira.com\/wp-content\/uploads\/2018\/02\/IMG_1076.jpg 1400w, https:\/\/sleep.gigericeira.com\/wp-content\/uploads\/2018\/02\/IMG_1076-300x200.jpg 300w, https:\/\/sleep.gigericeira.com\/wp-content\/uploads\/2018\/02\/IMG_1076-768x512.jpg 768w, https:\/\/sleep.gigericeira.com\/wp-content\/uploads\/2018\/02\/IMG_1076-1024x682.jpg 1024w, https:\/\/sleep.gigericeira.com\/wp-content\/uploads\/2018\/02\/IMG_1076-272x182.jpg 272w, https:\/\/sleep.gigericeira.com\/wp-content\/uploads\/2018\/02\/IMG_1076-600x400.jpg 600w\" sizes=\"auto, (max-width: 1400px) 100vw, 1400px\" \/>\t\t\t\t\t<\/div>\n\t\t\t\t\t\t\t\t\t<\/div>\n\t\t\t<\/div>\n\t\t\t\t\t<\/li>\n\t\t\t\t<li class=\"sow-slider-image\" style=\"visibility: hidden;;background-color: #000000\" >\n\t\t\t\t\t\t<div class=\"sow-slider-image-container\">\n\t\t\t\t<div class=\"sow-slider-image-wrapper\" style=\"max-width: 1400px\">\n\t\t\t\t\t\t\t\t\t\t<div class=\"sow-slider-image-foreground-wrapper\">\n\t\t\t\t\t\t<img loading=\"lazy\" decoding=\"async\" width=\"1400\" height=\"933\" src=\"https:\/\/sleep.gigericeira.com\/wp-content\/uploads\/2018\/02\/IMG_0936.jpg\" class=\"sow-slider-foreground-image\" alt=\"\" style=\"\" srcset=\"https:\/\/sleep.gigericeira.com\/wp-content\/uploads\/2018\/02\/IMG_0936.jpg 1400w, https:\/\/sleep.gigericeira.com\/wp-content\/uploads\/2018\/02\/IMG_0936-300x200.jpg 300w, https:\/\/sleep.gigericeira.com\/wp-content\/uploads\/2018\/02\/IMG_0936-768x512.jpg 768w, https:\/\/sleep.gigericeira.com\/wp-content\/uploads\/2018\/02\/IMG_0936-1024x682.jpg 1024w, https:\/\/sleep.gigericeira.com\/wp-content\/uploads\/2018\/02\/IMG_0936-272x182.jpg 272w, https:\/\/sleep.gigericeira.com\/wp-content\/uploads\/2018\/02\/IMG_0936-600x400.jpg 600w\" sizes=\"auto, (max-width: 1400px) 100vw, 1400px\" \/>\t\t\t\t\t<\/div>\n\t\t\t\t\t\t\t\t\t<\/div>\n\t\t\t<\/div>\n\t\t\t\t\t<\/li>\n\t\t\t\t<li class=\"sow-slider-image\" style=\"visibility: hidden;;background-color: #000000\" >\n\t\t\t\t\t\t<div class=\"sow-slider-image-container\">\n\t\t\t\t<div class=\"sow-slider-image-wrapper\" style=\"max-width: 1400px\">\n\t\t\t\t\t\t\t\t\t\t<div class=\"sow-slider-image-foreground-wrapper\">\n\t\t\t\t\t\t<img loading=\"lazy\" decoding=\"async\" width=\"1400\" height=\"933\" src=\"https:\/\/sleep.gigericeira.com\/wp-content\/uploads\/2018\/02\/IMG_1026.jpg\" class=\"sow-slider-foreground-image\" alt=\"\" style=\"\" srcset=\"https:\/\/sleep.gigericeira.com\/wp-content\/uploads\/2018\/02\/IMG_1026.jpg 1400w, https:\/\/sleep.gigericeira.com\/wp-content\/uploads\/2018\/02\/IMG_1026-300x200.jpg 300w, https:\/\/sleep.gigericeira.com\/wp-content\/uploads\/2018\/02\/IMG_1026-768x512.jpg 768w, https:\/\/sleep.gigericeira.com\/wp-content\/uploads\/2018\/02\/IMG_1026-1024x682.jpg 1024w, https:\/\/sleep.gigericeira.com\/wp-content\/uploads\/2018\/02\/IMG_1026-272x182.jpg 272w, https:\/\/sleep.gigericeira.com\/wp-content\/uploads\/2018\/02\/IMG_1026-600x400.jpg 600w\" sizes=\"auto, (max-width: 1400px) 100vw, 1400px\" \/>\t\t\t\t\t<\/div>\n\t\t\t\t\t\t\t\t\t<\/div>\n\t\t\t<\/div>\n\t\t\t\t\t<\/li>\n\t\t\t\t<li class=\"sow-slider-image\" style=\"visibility: hidden;;background-color: #000000\" >\n\t\t\t\t\t\t<div class=\"sow-slider-image-container\">\n\t\t\t\t<div class=\"sow-slider-image-wrapper\" style=\"max-width: 1400px\">\n\t\t\t\t\t\t\t\t\t\t<div class=\"sow-slider-image-foreground-wrapper\">\n\t\t\t\t\t\t<img loading=\"lazy\" decoding=\"async\" width=\"1400\" height=\"933\" src=\"https:\/\/sleep.gigericeira.com\/wp-content\/uploads\/2018\/02\/IMG_1016.jpg\" class=\"sow-slider-foreground-image\" alt=\"\" style=\"\" srcset=\"https:\/\/sleep.gigericeira.com\/wp-content\/uploads\/2018\/02\/IMG_1016.jpg 1400w, https:\/\/sleep.gigericeira.com\/wp-content\/uploads\/2018\/02\/IMG_1016-300x200.jpg 300w, https:\/\/sleep.gigericeira.com\/wp-content\/uploads\/2018\/02\/IMG_1016-768x512.jpg 768w, https:\/\/sleep.gigericeira.com\/wp-content\/uploads\/2018\/02\/IMG_1016-1024x682.jpg 1024w, https:\/\/sleep.gigericeira.com\/wp-content\/uploads\/2018\/02\/IMG_1016-272x182.jpg 272w, https:\/\/sleep.gigericeira.com\/wp-content\/uploads\/2018\/02\/IMG_1016-600x400.jpg 600w\" sizes=\"auto, (max-width: 1400px) 100vw, 1400px\" \/>\t\t\t\t\t<\/div>\n\t\t\t\t\t\t\t\t\t<\/div>\n\t\t\t<\/div>\n\t\t\t\t\t<\/li>\n\t\t\t\t<li class=\"sow-slider-image\" style=\"visibility: hidden;;background-color: #000000\" >\n\t\t\t\t\t\t<div class=\"sow-slider-image-container\">\n\t\t\t\t<div class=\"sow-slider-image-wrapper\" style=\"max-width: 1400px\">\n\t\t\t\t\t\t\t\t\t\t<div class=\"sow-slider-image-foreground-wrapper\">\n\t\t\t\t\t\t<img loading=\"lazy\" decoding=\"async\" width=\"1400\" height=\"933\" src=\"https:\/\/sleep.gigericeira.com\/wp-content\/uploads\/2018\/02\/IMG_1014.jpg\" class=\"sow-slider-foreground-image\" alt=\"\" style=\"\" srcset=\"https:\/\/sleep.gigericeira.com\/wp-content\/uploads\/2018\/02\/IMG_1014.jpg 1400w, https:\/\/sleep.gigericeira.com\/wp-content\/uploads\/2018\/02\/IMG_1014-300x200.jpg 300w, https:\/\/sleep.gigericeira.com\/wp-content\/uploads\/2018\/02\/IMG_1014-768x512.jpg 768w, https:\/\/sleep.gigericeira.com\/wp-content\/uploads\/2018\/02\/IMG_1014-1024x682.jpg 1024w, https:\/\/sleep.gigericeira.com\/wp-content\/uploads\/2018\/02\/IMG_1014-272x182.jpg 272w, https:\/\/sleep.gigericeira.com\/wp-content\/uploads\/2018\/02\/IMG_1014-600x400.jpg 600w\" sizes=\"auto, (max-width: 1400px) 100vw, 1400px\" \/>\t\t\t\t\t<\/div>\n\t\t\t\t\t\t\t\t\t<\/div>\n\t\t\t<\/div>\n\t\t\t\t\t<\/li>\n\t\t<\/ul>\t\t\t\t<ol class=\"sow-slider-pagination\">\n\t\t\t\t\t\t\t\t\t\t\t<li><a href=\"#\" data-goto=\"0\" aria-label=\"Display slide 1\"><\/a><\/li>\n\t\t\t\t\t\t\t\t\t\t\t<li><a href=\"#\" data-goto=\"1\" aria-label=\"Display slide 2\"><\/a><\/li>\n\t\t\t\t\t\t\t\t\t\t\t<li><a href=\"#\" data-goto=\"2\" aria-label=\"Display slide 3\"><\/a><\/li>\n\t\t\t\t\t\t\t\t\t\t\t<li><a href=\"#\" data-goto=\"3\" aria-label=\"Display slide 4\"><\/a><\/li>\n\t\t\t\t\t\t\t\t\t\t\t<li><a href=\"#\" data-goto=\"4\" aria-label=\"Display slide 5\"><\/a><\/li>\n\t\t\t\t\t\t\t\t\t\t\t<li><a href=\"#\" data-goto=\"5\" aria-label=\"Display slide 6\"><\/a><\/li>\n\t\t\t\t\t\t\t\t\t\t\t<li><a href=\"#\" data-goto=\"6\" aria-label=\"Display slide 7\"><\/a><\/li>\n\t\t\t\t\t\t\t\t\t\t\t<li><a href=\"#\" data-goto=\"7\" aria-label=\"Display slide 8\"><\/a><\/li>\n\t\t\t\t\t\t\t\t\t\t\t<li><a href=\"#\" data-goto=\"8\" aria-label=\"Display slide 9\"><\/a><\/li>\n\t\t\t\t\t\t\t\t\t\t\t<li><a href=\"#\" data-goto=\"9\" aria-label=\"Display slide 10\"><\/a><\/li>\n\t\t\t\t\t\t\t\t\t\t\t<li><a href=\"#\" data-goto=\"10\" aria-label=\"Display slide 11\"><\/a><\/li>\n\t\t\t\t\t\t\t\t\t\t\t<li><a href=\"#\" data-goto=\"11\" aria-label=\"Display slide 12\"><\/a><\/li>\n\t\t\t\t\t\t\t\t\t\t\t<li><a href=\"#\" data-goto=\"12\" aria-label=\"Display slide 13\"><\/a><\/li>\n\t\t\t\t\t\t\t\t\t\t\t<li><a href=\"#\" data-goto=\"13\" aria-label=\"Display slide 14\"><\/a><\/li>\n\t\t\t\t\t\t\t\t\t<\/ol>\n\n\t\t\t\t<div class=\"sow-slide-nav sow-slide-nav-next\">\n\t\t\t\t\t<a href=\"#\" data-goto=\"next\" aria-label=\"Next slide\" data-action=\"next\">\n\t\t\t\t\t\t<em class=\"sow-sld-icon-thin-right\"><\/em>\n\t\t\t\t\t<\/a>\n\t\t\t\t<\/div>\n\n\t\t\t\t<div class=\"sow-slide-nav sow-slide-nav-prev\">\n\t\t\t\t\t<a href=\"#\" data-goto=\"previous\" aria-label=\"Previous slide\" data-action=\"prev\">\n\t\t\t\t\t\t<em class=\"sow-sld-icon-thin-left\"><\/em>\n\t\t\t\t\t<\/a>\n\t\t\t\t<\/div>\n\t\t\t\t<\/div><\/div><\/div><\/div><\/div><\/div><\/div>","protected":false},"excerpt":{"rendered":"<p>Green is Good, o nome que est\u00e1 na base deste projecto. Quando pensado leva-nos para al\u00e9m da cor, leva-nos para [&hellip;]<\/p>\n","protected":false},"author":1,"featured_media":0,"parent":0,"menu_order":0,"comment_status":"closed","ping_status":"closed","template":"page-templates\/pagebuilder.php","meta":{"footnotes":""},"class_list":["post-3934","page","type-page","status-publish","hentry"],"_links":{"self":[{"href":"https:\/\/sleep.gigericeira.com\/pt-pt\/wp-json\/wp\/v2\/pages\/3934","targetHints":{"allow":["GET"]}}],"collection":[{"href":"https:\/\/sleep.gigericeira.com\/pt-pt\/wp-json\/wp\/v2\/pages"}],"about":[{"href":"https:\/\/sleep.gigericeira.com\/pt-pt\/wp-json\/wp\/v2\/types\/page"}],"author":[{"embeddable":true,"href":"https:\/\/sleep.gigericeira.com\/pt-pt\/wp-json\/wp\/v2\/users\/1"}],"replies":[{"embeddable":true,"href":"https:\/\/sleep.gigericeira.com\/pt-pt\/wp-json\/wp\/v2\/comments?post=3934"}],"version-history":[{"count":0,"href":"https:\/\/sleep.gigericeira.com\/pt-pt\/wp-json\/wp\/v2\/pages\/3934\/revisions"}],"wp:attachment":[{"href":"https:\/\/sleep.gigericeira.com\/pt-pt\/wp-json\/wp\/v2\/media?parent=3934"}],"curies":[{"name":"wp","href":"https:\/\/api.w.org\/{rel}","templated":true}]}}