{"id":3548,"date":"2018-01-15T16:27:32","date_gmt":"2018-01-15T16:27:32","guid":{"rendered":"http:\/\/gigericeira.com\/?page_id=3548\/"},"modified":"2018-04-03T16:02:09","modified_gmt":"2018-04-03T16:02:09","slug":"pacotes","status":"publish","type":"page","link":"https:\/\/sleep.gigericeira.com\/pt-pt\/pacotes\/","title":{"rendered":"Pacotes"},"content":{"rendered":"<div id=\"pl-3548\"  class=\"panel-layout\" ><div id=\"pg-3548-0\"  class=\"panel-grid panel-has-style\" ><div class=\"darken-background so-parallax siteorigin-panels-stretch panel-row-style panel-row-style-for-3548-0\" data-stretch-type=\"full-stretched\" ><div id=\"pgc-3548-0-0\"  class=\"panel-grid-cell\" ><div id=\"panel-3548-0-0-0\" class=\"so-panel widget widget_themegrill_flash_image tg-widget tg-image-widget panel-first-child panel-last-child\" data-index=\"0\" ><div class=\"panel-widget-style panel-widget-style-for-3548-0-0-0\" >\t<img decoding=\"async\" src=\"https:\/\/sleep.gigericeira.com\/wp-content\/uploads\/2018\/03\/LOGO_HOSTEL_PT.png\" \/>\n<\/div><\/div><\/div><\/div><\/div><div id=\"pg-3548-1\"  class=\"panel-grid panel-has-style\" ><div class=\"panel-row-style panel-row-style-for-3548-1\" ><div id=\"pgc-3548-1-0\"  class=\"panel-grid-cell\" ><div id=\"panel-3548-1-0-0\" class=\"so-panel widget widget_text panel-first-child panel-last-child\" data-index=\"1\" ><div class=\"about-us explore-packs panel-widget-style panel-widget-style-for-3548-1-0-0\" ><h3 class=\"widget-title\">Explore os Nossos Pacotes<\/h3>\t\t\t<div class=\"textwidget\"><p>Temos diversos pacotes \u00e0 sua disposi\u00e7\u00e3o por isso escolha o que mais se adequa a si e venha descobrir o que a vila piscat\u00f3ria da Ericeira tem para lhe oferecer.<\/p>\n<\/div>\n\t\t<\/div><\/div><\/div><\/div><\/div><div id=\"pg-3548-2\"  class=\"panel-grid panel-has-style\" ><div class=\"siteorigin-panels-stretch panel-row-style panel-row-style-for-3548-2\" data-stretch-type=\"full-stretched\" ><div id=\"pgc-3548-2-0\"  class=\"panel-grid-cell\" ><div class=\"menu-buttons darken-background panel-cell-style panel-cell-style-for-3548-2-0\" ><div id=\"panel-3548-2-0-0\" class=\"widget_text so-panel widget widget_custom_html panel-first-child panel-last-child\" data-index=\"2\" ><div class=\"widget_text panel-widget-style panel-widget-style-for-3548-2-0-0\" ><div class=\"textwidget custom-html-widget\"><a href=\"https:\/\/sleep.gigericeira.com\/pt-pt\/pacotes\/praia\/\">\n\t<p class=\"menu-button-header\">Praia<\/p>\n<\/a><\/div><\/div><\/div><\/div><\/div><div id=\"pgc-3548-2-1\"  class=\"panel-grid-cell\" ><div class=\"menu-buttons darken-background panel-cell-style panel-cell-style-for-3548-2-1\" ><div id=\"panel-3548-2-1-0\" class=\"widget_text so-panel widget widget_custom_html panel-first-child panel-last-child\" data-index=\"3\" ><div class=\"widget_text panel-widget-style panel-widget-style-for-3548-2-1-0\" ><div class=\"textwidget custom-html-widget\"><a href=\"https:\/\/sleep.gigericeira.com\/pt-pt\/pacotes\/surf\/\">\n\t<p class=\"menu-button-header\">Surf<\/p>\n<\/a><\/div><\/div><\/div><\/div><\/div><div id=\"pgc-3548-2-2\"  class=\"panel-grid-cell\" ><div class=\"menu-buttons darken-background panel-cell-style panel-cell-style-for-3548-2-2\" ><div id=\"panel-3548-2-2-0\" class=\"widget_text so-panel widget widget_custom_html panel-first-child panel-last-child\" data-index=\"4\" ><div class=\"widget_text panel-widget-style panel-widget-style-for-3548-2-2-0\" ><div class=\"textwidget custom-html-widget\"><a href=\"https:\/\/sleep.gigericeira.com\/pt-pt\/pacotes\/yoga\/\">\n\t<p class=\"menu-button-header\">Yoga<\/p>\n<\/a><\/div><\/div><\/div><\/div><\/div><\/div><\/div><\/div>","protected":false},"excerpt":{"rendered":"<p>Temos diversos pacotes \u00e0 sua disposi\u00e7\u00e3o por isso escolha o que mais se adequa a si e venha descobrir o [&hellip;]<\/p>\n","protected":false},"author":1,"featured_media":0,"parent":0,"menu_order":0,"comment_status":"closed","ping_status":"closed","template":"page-templates\/pagebuilder.php","meta":{"footnotes":""},"class_list":["post-3548","page","type-page","status-publish","hentry"],"_links":{"self":[{"href":"https:\/\/sleep.gigericeira.com\/pt-pt\/wp-json\/wp\/v2\/pages\/3548","targetHints":{"allow":["GET"]}}],"collection":[{"href":"https:\/\/sleep.gigericeira.com\/pt-pt\/wp-json\/wp\/v2\/pages"}],"about":[{"href":"https:\/\/sleep.gigericeira.com\/pt-pt\/wp-json\/wp\/v2\/types\/page"}],"author":[{"embeddable":true,"href":"https:\/\/sleep.gigericeira.com\/pt-pt\/wp-json\/wp\/v2\/users\/1"}],"replies":[{"embeddable":true,"href":"https:\/\/sleep.gigericeira.com\/pt-pt\/wp-json\/wp\/v2\/comments?post=3548"}],"version-history":[{"count":0,"href":"https:\/\/sleep.gigericeira.com\/pt-pt\/wp-json\/wp\/v2\/pages\/3548\/revisions"}],"wp:attachment":[{"href":"https:\/\/sleep.gigericeira.com\/pt-pt\/wp-json\/wp\/v2\/media?parent=3548"}],"curies":[{"name":"wp","href":"https:\/\/api.w.org\/{rel}","templated":true}]}}