{"id":3420,"date":"2018-01-15T13:51:09","date_gmt":"2018-01-15T13:51:09","guid":{"rendered":"http:\/\/gigericeira.com\/?page_id=3420\/"},"modified":"2018-07-31T16:03:29","modified_gmt":"2018-07-31T16:03:29","slug":"praia","status":"publish","type":"page","link":"https:\/\/sleep.gigericeira.com\/pt-pt\/pacotes\/praia\/","title":{"rendered":"Praia"},"content":{"rendered":"<div id=\"pl-3420\"  class=\"panel-layout\" ><div id=\"pg-3420-0\"  class=\"panel-grid panel-has-style\" ><div class=\"darken-background siteorigin-panels-stretch panel-row-style panel-row-style-for-3420-0\" data-stretch-type=\"full-stretched\" ><div id=\"pgc-3420-0-0\"  class=\"panel-grid-cell\" ><div id=\"panel-3420-0-0-0\" class=\"so-panel widget widget_themegrill_flash_image tg-widget tg-image-widget panel-first-child panel-last-child\" data-index=\"0\" ><div class=\"panel-widget-style panel-widget-style-for-3420-0-0-0\" >\t<img decoding=\"async\" src=\"https:\/\/sleep.gigericeira.com\/wp-content\/uploads\/2018\/03\/LOGO_HOSTEL_PT.png\" \/>\n<\/div><\/div><\/div><\/div><\/div><div id=\"pg-3420-1\"  class=\"panel-grid panel-has-style\" ><div class=\"siteorigin-panels-stretch panel-row-style panel-row-style-for-3420-1\" data-stretch-type=\"full\" ><div id=\"pgc-3420-1-0\"  class=\"panel-grid-cell\" ><div id=\"panel-3420-1-0-0\" class=\"so-panel widget widget_text panel-first-child panel-last-child\" data-index=\"1\" ><div class=\"about-us panel-widget-style panel-widget-style-for-3420-1-0-0\" ><h3 class=\"widget-title\">Praia<\/h3>\t\t\t<div class=\"textwidget\"><p>Desfruta de uma semana de f\u00e9rias em regime de alojamento com pequeno almo\u00e7o.<\/p>\n<p>Come\u00e7a o teu dia com um pequeno-almo\u00e7o saud\u00e1vel no GiG Restaurante, aproveita para conhecer as nossas praias, degustar a gastronomia local, conhecer a cultura desta vila piscat\u00f3ria e termina o dia com um duche relaxante e uma noite descansada no conforto das nossas camas.<\/p>\n<\/div>\n\t\t<\/div><\/div><\/div><\/div><\/div><div id=\"pg-3420-2\"  class=\"panel-grid panel-has-style\" ><div class=\"about-us panel-row-style panel-row-style-for-3420-2\" ><div id=\"pgc-3420-2-0\"  class=\"panel-grid-cell\" ><div id=\"panel-3420-2-0-0\" class=\"so-panel widget widget_text panel-first-child\" data-index=\"2\" ><div class=\"pack-details panel-widget-style panel-widget-style-for-3420-2-0-0\" ><h3 class=\"widget-title\">Detalhes<\/h3>\t\t\t<div class=\"textwidget\"><ul>\n<li>Transfer do aeroporto<\/li>\n<li>Acomoda\u00e7\u00e3o<\/li>\n<li>Pequenos almo\u00e7os saud\u00e1veis<\/li>\n<li>Jantar t\u00edpico Portugu\u00eas<\/li>\n<li>Brunch saud\u00e1vel<\/li>\n<li><em>Rally tascas<\/em><\/li>\n<\/ul>\n<\/div>\n\t\t<\/div><\/div><div id=\"panel-3420-2-0-1\" class=\"so-panel widget widget_sow-button panel-last-child\" data-index=\"3\" ><div class=\"panel-widget-style panel-widget-style-for-3420-2-0-1\" ><div\n\t\t\t\n\t\t\tclass=\"so-widget-sow-button so-widget-sow-button-flat-12772a1ab442-3420\"\n\t\t\t\n\t\t><div class=\"ow-button-base ow-button-align-center\"\n>\n\t\t\t<a\n\t\t\t\t\thref=\"https:\/\/sleep.gigericeira.com\/accommodation\/single-bed-in-shared-dormitory-room\/\"\n\t\t\t\t\tclass=\"sowb-button ow-icon-placement-left ow-button-hover\" \t>\n\t\t<span>\n\t\t\t\n\t\t\tRESERVAR\t\t<\/span>\n\t\t\t<\/a>\n\t<\/div>\n<\/div><\/div><\/div><\/div><div id=\"pgc-3420-2-1\"  class=\"panel-grid-cell\" ><div id=\"panel-3420-2-1-0\" class=\"so-panel widget widget_sow-slider panel-first-child panel-last-child\" data-index=\"4\" ><div class=\"panel-widget-style panel-widget-style-for-3420-2-1-0\" ><div\n\t\t\t\n\t\t\tclass=\"so-widget-sow-slider so-widget-sow-slider-default-6d39609536fd-3420\"\n\t\t\t\n\t\t>\t\t\t\t<div class=\"sow-slider-base\" style=\"display: none\" tabindex=\"0\">\n\t\t\t\t\t<ul\n\t\t\t\t\tclass=\"sow-slider-images\"\n\t\t\t\t\tdata-settings=\"{&quot;pagination&quot;:true,&quot;speed&quot;:800,&quot;timeout&quot;:4000,&quot;paused&quot;:false,&quot;pause_on_hover&quot;:false,&quot;swipe&quot;:true,&quot;nav_always_show_desktop&quot;:&quot;&quot;,&quot;nav_always_show_mobile&quot;:&quot;&quot;,&quot;breakpoint&quot;:&quot;780px&quot;,&quot;unmute&quot;:false,&quot;anchor&quot;:null}\"\n\t\t\t\t\t\t\t\t\t\tdata-anchor-id=\"\"\n\t\t\t\t>\t\t<li class=\"sow-slider-image\" style=\"visibility: visible;;background-color: #000000\" >\n\t\t\t\t\t\t<div class=\"sow-slider-image-container\">\n\t\t\t\t<div class=\"sow-slider-image-wrapper\" style=\"max-width: 1555px\">\n\t\t\t\t\t\t\t\t\t\t<div class=\"sow-slider-image-foreground-wrapper\">\n\t\t\t\t\t\t<img loading=\"lazy\" decoding=\"async\" width=\"1555\" height=\"1034\" src=\"https:\/\/sleep.gigericeira.com\/wp-content\/uploads\/2018\/04\/praia4.jpg\" class=\"sow-slider-foreground-image\" alt=\"\" style=\"\" srcset=\"https:\/\/sleep.gigericeira.com\/wp-content\/uploads\/2018\/04\/praia4.jpg 1555w, https:\/\/sleep.gigericeira.com\/wp-content\/uploads\/2018\/04\/praia4-300x199.jpg 300w, https:\/\/sleep.gigericeira.com\/wp-content\/uploads\/2018\/04\/praia4-768x511.jpg 768w, https:\/\/sleep.gigericeira.com\/wp-content\/uploads\/2018\/04\/praia4-1024x681.jpg 1024w, https:\/\/sleep.gigericeira.com\/wp-content\/uploads\/2018\/04\/praia4-272x182.jpg 272w\" sizes=\"auto, (max-width: 1555px) 100vw, 1555px\" \/>\t\t\t\t\t<\/div>\n\t\t\t\t\t\t\t\t\t<\/div>\n\t\t\t<\/div>\n\t\t\t\t\t<\/li>\n\t\t\t\t<li class=\"sow-slider-image\" style=\"visibility: hidden;;background-color: #000000\" >\n\t\t\t\t\t\t<div class=\"sow-slider-image-container\">\n\t\t\t\t<div class=\"sow-slider-image-wrapper\" style=\"max-width: 1555px\">\n\t\t\t\t\t\t\t\t\t\t<div class=\"sow-slider-image-foreground-wrapper\">\n\t\t\t\t\t\t<img loading=\"lazy\" decoding=\"async\" width=\"1555\" height=\"1037\" src=\"https:\/\/sleep.gigericeira.com\/wp-content\/uploads\/2018\/04\/praia3.jpg\" class=\"sow-slider-foreground-image\" alt=\"\" style=\"\" srcset=\"https:\/\/sleep.gigericeira.com\/wp-content\/uploads\/2018\/04\/praia3.jpg 1555w, https:\/\/sleep.gigericeira.com\/wp-content\/uploads\/2018\/04\/praia3-300x200.jpg 300w, https:\/\/sleep.gigericeira.com\/wp-content\/uploads\/2018\/04\/praia3-768x512.jpg 768w, https:\/\/sleep.gigericeira.com\/wp-content\/uploads\/2018\/04\/praia3-1024x683.jpg 1024w, https:\/\/sleep.gigericeira.com\/wp-content\/uploads\/2018\/04\/praia3-272x182.jpg 272w\" sizes=\"auto, (max-width: 1555px) 100vw, 1555px\" \/>\t\t\t\t\t<\/div>\n\t\t\t\t\t\t\t\t\t<\/div>\n\t\t\t<\/div>\n\t\t\t\t\t<\/li>\n\t\t\t\t<li class=\"sow-slider-image\" style=\"visibility: hidden;;background-color: #000000\" >\n\t\t\t\t\t\t<div class=\"sow-slider-image-container\">\n\t\t\t\t<div class=\"sow-slider-image-wrapper\" style=\"max-width: 1400px\">\n\t\t\t\t\t\t\t\t\t\t<div class=\"sow-slider-image-foreground-wrapper\">\n\t\t\t\t\t\t<img loading=\"lazy\" decoding=\"async\" width=\"1400\" height=\"933\" src=\"https:\/\/sleep.gigericeira.com\/wp-content\/uploads\/2018\/02\/IMG_0965.jpg\" class=\"sow-slider-foreground-image\" alt=\"\" style=\"\" srcset=\"https:\/\/sleep.gigericeira.com\/wp-content\/uploads\/2018\/02\/IMG_0965.jpg 1400w, https:\/\/sleep.gigericeira.com\/wp-content\/uploads\/2018\/02\/IMG_0965-300x200.jpg 300w, https:\/\/sleep.gigericeira.com\/wp-content\/uploads\/2018\/02\/IMG_0965-768x512.jpg 768w, https:\/\/sleep.gigericeira.com\/wp-content\/uploads\/2018\/02\/IMG_0965-1024x682.jpg 1024w, https:\/\/sleep.gigericeira.com\/wp-content\/uploads\/2018\/02\/IMG_0965-272x182.jpg 272w, https:\/\/sleep.gigericeira.com\/wp-content\/uploads\/2018\/02\/IMG_0965-600x400.jpg 600w\" sizes=\"auto, (max-width: 1400px) 100vw, 1400px\" \/>\t\t\t\t\t<\/div>\n\t\t\t\t\t\t\t\t\t<\/div>\n\t\t\t<\/div>\n\t\t\t\t\t<\/li>\n\t\t\t\t<li class=\"sow-slider-image\" style=\"visibility: hidden;;background-color: #000000\" >\n\t\t\t\t\t\t<div class=\"sow-slider-image-container\">\n\t\t\t\t<div class=\"sow-slider-image-wrapper\" style=\"max-width: 1400px\">\n\t\t\t\t\t\t\t\t\t\t<div class=\"sow-slider-image-foreground-wrapper\">\n\t\t\t\t\t\t<img loading=\"lazy\" decoding=\"async\" width=\"1400\" height=\"933\" src=\"https:\/\/sleep.gigericeira.com\/wp-content\/uploads\/2018\/02\/IMG_0970.jpg\" class=\"sow-slider-foreground-image\" alt=\"\" style=\"\" srcset=\"https:\/\/sleep.gigericeira.com\/wp-content\/uploads\/2018\/02\/IMG_0970.jpg 1400w, https:\/\/sleep.gigericeira.com\/wp-content\/uploads\/2018\/02\/IMG_0970-300x200.jpg 300w, https:\/\/sleep.gigericeira.com\/wp-content\/uploads\/2018\/02\/IMG_0970-768x512.jpg 768w, https:\/\/sleep.gigericeira.com\/wp-content\/uploads\/2018\/02\/IMG_0970-1024x682.jpg 1024w, https:\/\/sleep.gigericeira.com\/wp-content\/uploads\/2018\/02\/IMG_0970-272x182.jpg 272w, https:\/\/sleep.gigericeira.com\/wp-content\/uploads\/2018\/02\/IMG_0970-600x400.jpg 600w\" sizes=\"auto, (max-width: 1400px) 100vw, 1400px\" \/>\t\t\t\t\t<\/div>\n\t\t\t\t\t\t\t\t\t<\/div>\n\t\t\t<\/div>\n\t\t\t\t\t<\/li>\n\t\t\t\t<li class=\"sow-slider-image\" style=\"visibility: hidden;;background-color: #000000\" >\n\t\t\t\t\t\t<div class=\"sow-slider-image-container\">\n\t\t\t\t<div class=\"sow-slider-image-wrapper\" style=\"max-width: 1400px\">\n\t\t\t\t\t\t\t\t\t\t<div class=\"sow-slider-image-foreground-wrapper\">\n\t\t\t\t\t\t<img loading=\"lazy\" decoding=\"async\" width=\"1400\" height=\"934\" src=\"https:\/\/sleep.gigericeira.com\/wp-content\/uploads\/2018\/03\/camas_casal_quartopeq.jpg\" class=\"sow-slider-foreground-image\" alt=\"\" style=\"\" srcset=\"https:\/\/sleep.gigericeira.com\/wp-content\/uploads\/2018\/03\/camas_casal_quartopeq.jpg 1400w, https:\/\/sleep.gigericeira.com\/wp-content\/uploads\/2018\/03\/camas_casal_quartopeq-300x200.jpg 300w, https:\/\/sleep.gigericeira.com\/wp-content\/uploads\/2018\/03\/camas_casal_quartopeq-768x512.jpg 768w, https:\/\/sleep.gigericeira.com\/wp-content\/uploads\/2018\/03\/camas_casal_quartopeq-1024x683.jpg 1024w, https:\/\/sleep.gigericeira.com\/wp-content\/uploads\/2018\/03\/camas_casal_quartopeq-272x182.jpg 272w\" sizes=\"auto, (max-width: 1400px) 100vw, 1400px\" \/>\t\t\t\t\t<\/div>\n\t\t\t\t\t\t\t\t\t<\/div>\n\t\t\t<\/div>\n\t\t\t\t\t<\/li>\n\t\t\t\t<li class=\"sow-slider-image\" style=\"visibility: hidden;;background-color: #000000\" >\n\t\t\t\t\t\t<div class=\"sow-slider-image-container\">\n\t\t\t\t<div class=\"sow-slider-image-wrapper\" style=\"max-width: 1400px\">\n\t\t\t\t\t\t\t\t\t\t<div class=\"sow-slider-image-foreground-wrapper\">\n\t\t\t\t\t\t<img loading=\"lazy\" decoding=\"async\" width=\"1400\" height=\"933\" src=\"https:\/\/sleep.gigericeira.com\/wp-content\/uploads\/2018\/02\/IMG_1026.jpg\" class=\"sow-slider-foreground-image\" alt=\"\" style=\"\" srcset=\"https:\/\/sleep.gigericeira.com\/wp-content\/uploads\/2018\/02\/IMG_1026.jpg 1400w, https:\/\/sleep.gigericeira.com\/wp-content\/uploads\/2018\/02\/IMG_1026-300x200.jpg 300w, https:\/\/sleep.gigericeira.com\/wp-content\/uploads\/2018\/02\/IMG_1026-768x512.jpg 768w, https:\/\/sleep.gigericeira.com\/wp-content\/uploads\/2018\/02\/IMG_1026-1024x682.jpg 1024w, https:\/\/sleep.gigericeira.com\/wp-content\/uploads\/2018\/02\/IMG_1026-272x182.jpg 272w, https:\/\/sleep.gigericeira.com\/wp-content\/uploads\/2018\/02\/IMG_1026-600x400.jpg 600w\" sizes=\"auto, (max-width: 1400px) 100vw, 1400px\" \/>\t\t\t\t\t<\/div>\n\t\t\t\t\t\t\t\t\t<\/div>\n\t\t\t<\/div>\n\t\t\t\t\t<\/li>\n\t\t<\/ul>\t\t\t\t<ol class=\"sow-slider-pagination\">\n\t\t\t\t\t\t\t\t\t\t\t<li><a href=\"#\" data-goto=\"0\" aria-label=\"Display slide 1\"><\/a><\/li>\n\t\t\t\t\t\t\t\t\t\t\t<li><a href=\"#\" data-goto=\"1\" aria-label=\"Display slide 2\"><\/a><\/li>\n\t\t\t\t\t\t\t\t\t\t\t<li><a href=\"#\" data-goto=\"2\" aria-label=\"Display slide 3\"><\/a><\/li>\n\t\t\t\t\t\t\t\t\t\t\t<li><a href=\"#\" data-goto=\"3\" aria-label=\"Display slide 4\"><\/a><\/li>\n\t\t\t\t\t\t\t\t\t\t\t<li><a href=\"#\" data-goto=\"4\" aria-label=\"Display slide 5\"><\/a><\/li>\n\t\t\t\t\t\t\t\t\t\t\t<li><a href=\"#\" data-goto=\"5\" aria-label=\"Display slide 6\"><\/a><\/li>\n\t\t\t\t\t\t\t\t\t<\/ol>\n\n\t\t\t\t<div class=\"sow-slide-nav sow-slide-nav-next\">\n\t\t\t\t\t<a href=\"#\" data-goto=\"next\" aria-label=\"Next slide\" data-action=\"next\">\n\t\t\t\t\t\t<em class=\"sow-sld-icon-thin-right\"><\/em>\n\t\t\t\t\t<\/a>\n\t\t\t\t<\/div>\n\n\t\t\t\t<div class=\"sow-slide-nav sow-slide-nav-prev\">\n\t\t\t\t\t<a href=\"#\" data-goto=\"previous\" aria-label=\"Previous slide\" data-action=\"prev\">\n\t\t\t\t\t\t<em class=\"sow-sld-icon-thin-left\"><\/em>\n\t\t\t\t\t<\/a>\n\t\t\t\t<\/div>\n\t\t\t\t<\/div><\/div><\/div><\/div><\/div><\/div><\/div><div id=\"pg-3420-3\"  class=\"panel-grid panel-no-style\" ><div id=\"pgc-3420-3-0\"  class=\"panel-grid-cell\" ><div id=\"panel-3420-3-0-0\" class=\"so-panel widget widget_themegrill_flash_heading tg-widget section-title-wrapper panel-first-child panel-last-child\" data-index=\"5\" ><div class=\"menu-separator panel-widget-style panel-widget-style-for-3420-3-0-0\" >\t<h3 class=\"section-title\">Explore os Nossos Pacotes<\/h3>\n<\/div><\/div><\/div><\/div><div id=\"pg-3420-4\"  class=\"panel-grid panel-has-style\" ><div class=\"siteorigin-panels-stretch panel-row-style panel-row-style-for-3420-4\" data-stretch-type=\"full-stretched\" ><div id=\"pgc-3420-4-0\"  class=\"panel-grid-cell\" ><div class=\"menu-buttons darken-background panel-cell-style panel-cell-style-for-3420-4-0\" ><div id=\"panel-3420-4-0-0\" class=\"widget_text so-panel widget widget_custom_html panel-first-child panel-last-child\" data-index=\"6\" ><div class=\"widget_text panel-widget-style panel-widget-style-for-3420-4-0-0\" ><div class=\"textwidget custom-html-widget\"><a href=\"https:\/\/sleep.gigericeira.com\/pt-pt\/pacotes\/praia\/\">\n\t<p class=\"menu-button-header\">Praia<\/p>\n<\/a><\/div><\/div><\/div><\/div><\/div><div id=\"pgc-3420-4-1\"  class=\"panel-grid-cell\" ><div class=\"menu-buttons darken-background panel-cell-style panel-cell-style-for-3420-4-1\" ><div id=\"panel-3420-4-1-0\" class=\"widget_text so-panel widget widget_custom_html panel-first-child panel-last-child\" data-index=\"7\" ><div class=\"widget_text panel-widget-style panel-widget-style-for-3420-4-1-0\" ><div class=\"textwidget custom-html-widget\"><a href=\"https:\/\/sleep.gigericeira.com\/pt-pt\/pacotes\/surf\/\">\n\t<p class=\"menu-button-header\">Surf<\/p>\n<\/a><\/div><\/div><\/div><\/div><\/div><div id=\"pgc-3420-4-2\"  class=\"panel-grid-cell\" ><div class=\"menu-buttons darken-background panel-cell-style panel-cell-style-for-3420-4-2\" ><div id=\"panel-3420-4-2-0\" class=\"widget_text so-panel widget widget_custom_html panel-first-child panel-last-child\" data-index=\"8\" ><div class=\"widget_text panel-widget-style panel-widget-style-for-3420-4-2-0\" ><div class=\"textwidget custom-html-widget\"><a href=\"https:\/\/sleep.gigericeira.com\/pt-pt\/pacotes\/yoga\/\">\n\t<p class=\"menu-button-header\">Yoga<\/p>\n<\/a><\/div><\/div><\/div><\/div><\/div><\/div><\/div><\/div>","protected":false},"excerpt":{"rendered":"<p>Desfruta de uma semana de f\u00e9rias em regime de alojamento com pequeno almo\u00e7o. Come\u00e7a o teu dia com um pequeno-almo\u00e7o [&hellip;]<\/p>\n","protected":false},"author":1,"featured_media":0,"parent":3548,"menu_order":0,"comment_status":"closed","ping_status":"closed","template":"page-templates\/pagebuilder.php","meta":{"footnotes":""},"class_list":["post-3420","page","type-page","status-publish","hentry"],"_links":{"self":[{"href":"https:\/\/sleep.gigericeira.com\/pt-pt\/wp-json\/wp\/v2\/pages\/3420","targetHints":{"allow":["GET"]}}],"collection":[{"href":"https:\/\/sleep.gigericeira.com\/pt-pt\/wp-json\/wp\/v2\/pages"}],"about":[{"href":"https:\/\/sleep.gigericeira.com\/pt-pt\/wp-json\/wp\/v2\/types\/page"}],"author":[{"embeddable":true,"href":"https:\/\/sleep.gigericeira.com\/pt-pt\/wp-json\/wp\/v2\/users\/1"}],"replies":[{"embeddable":true,"href":"https:\/\/sleep.gigericeira.com\/pt-pt\/wp-json\/wp\/v2\/comments?post=3420"}],"version-history":[{"count":4,"href":"https:\/\/sleep.gigericeira.com\/pt-pt\/wp-json\/wp\/v2\/pages\/3420\/revisions"}],"predecessor-version":[{"id":6586,"href":"https:\/\/sleep.gigericeira.com\/pt-pt\/wp-json\/wp\/v2\/pages\/3420\/revisions\/6586"}],"up":[{"embeddable":true,"href":"https:\/\/sleep.gigericeira.com\/pt-pt\/wp-json\/wp\/v2\/pages\/3548"}],"wp:attachment":[{"href":"https:\/\/sleep.gigericeira.com\/pt-pt\/wp-json\/wp\/v2\/media?parent=3420"}],"curies":[{"name":"wp","href":"https:\/\/api.w.org\/{rel}","templated":true}]}}